{"id":212,"date":"2022-08-24T20:36:11","date_gmt":"2022-08-24T18:36:11","guid":{"rendered":"https:\/\/teledoctor.pl\/contact\/"},"modified":"2022-08-24T20:36:11","modified_gmt":"2022-08-24T18:36:11","slug":"contact","status":"publish","type":"page","link":"https:\/\/teledoctor.pl\/en\/contact\/","title":{"rendered":"Contact"},"content":{"rendered":"","protected":false},"excerpt":{"rendered":"","protected":false},"author":1,"featured_media":0,"parent":0,"menu_order":0,"comment_status":"closed","ping_status":"closed","template":"","meta":{"_acf_changed":false,"footnotes":""},"class_list":["post-212","page","type-page","status-publish","hentry"],"acf":[],"yoast_head":"<!-- This site is optimized with the Yoast SEO plugin v23.4 - https:\/\/yoast.com\/wordpress\/plugins\/seo\/ -->\n<title>Contact - Teledoctor \u2013 sie\u0107 bezp\u0142atnych przychodni w \u0141odzi<\/title>\n<meta name=\"robots\" content=\"index, follow, max-snippet:-1, max-image-preview:large, max-video-preview:-1\" \/>\n<link rel=\"canonical\" href=\"https:\/\/teledoctor.pl\/en\/contact\/\" \/>\n<meta property=\"og:locale\" content=\"en_US\" \/>\n<meta property=\"og:type\" content=\"article\" \/>\n<meta property=\"og:title\" content=\"Contact - Teledoctor \u2013 sie\u0107 bezp\u0142atnych przychodni w \u0141odzi\" \/>\n<meta property=\"og:url\" content=\"https:\/\/teledoctor.pl\/en\/contact\/\" \/>\n<meta property=\"og:site_name\" content=\"Teledoctor \u2013 sie\u0107 bezp\u0142atnych przychodni w \u0141odzi\" \/>\n<meta name=\"twitter:card\" content=\"summary_large_image\" \/>\n<!-- \/ Yoast SEO plugin. -->","yoast_head_json":{"title":"Contact - Teledoctor \u2013 sie\u0107 bezp\u0142atnych przychodni w \u0141odzi","robots":{"index":"index","follow":"follow","max-snippet":"max-snippet:-1","max-image-preview":"max-image-preview:large","max-video-preview":"max-video-preview:-1"},"canonical":"https:\/\/teledoctor.pl\/en\/contact\/","og_locale":"en_US","og_type":"article","og_title":"Contact - Teledoctor \u2013 sie\u0107 bezp\u0142atnych przychodni w \u0141odzi","og_url":"https:\/\/teledoctor.pl\/en\/contact\/","og_site_name":"Teledoctor \u2013 sie\u0107 bezp\u0142atnych przychodni w \u0141odzi","twitter_card":"summary_large_image","schema":{"@context":"https:\/\/schema.org","@graph":[{"@type":"WebPage","@id":"https:\/\/teledoctor.pl\/en\/contact\/","url":"https:\/\/teledoctor.pl\/en\/contact\/","name":"Contact - Teledoctor \u2013 sie\u0107 bezp\u0142atnych przychodni w \u0141odzi","isPartOf":{"@id":"https:\/\/teledoctor.pl\/en\/#website"},"datePublished":"2022-08-24T18:36:11+00:00","dateModified":"2022-08-24T18:36:11+00:00","breadcrumb":{"@id":"https:\/\/teledoctor.pl\/en\/contact\/#breadcrumb"},"inLanguage":"en-US","potentialAction":[{"@type":"ReadAction","target":["https:\/\/teledoctor.pl\/en\/contact\/"]}]},{"@type":"BreadcrumbList","@id":"https:\/\/teledoctor.pl\/en\/contact\/#breadcrumb","itemListElement":[{"@type":"ListItem","position":1,"name":"Strona g\u0142\u00f3wna","item":"https:\/\/teledoctor.pl\/en\/"},{"@type":"ListItem","position":2,"name":"Contact"}]},{"@type":"WebSite","@id":"https:\/\/teledoctor.pl\/en\/#website","url":"https:\/\/teledoctor.pl\/en\/","name":"Teledoctor \u2013 sie\u0107 bezp\u0142atnych przychodni w \u0141odzi","description":"Bezp\u0142atne przychodnie lekarskie w \u0141odzi, Lekarz rodzinny","publisher":{"@id":"https:\/\/teledoctor.pl\/en\/#organization"},"potentialAction":[{"@type":"SearchAction","target":{"@type":"EntryPoint","urlTemplate":"https:\/\/teledoctor.pl\/en\/?s={search_term_string}"},"query-input":{"@type":"PropertyValueSpecification","valueRequired":true,"valueName":"search_term_string"}}],"inLanguage":"en-US"},{"@type":"Organization","@id":"https:\/\/teledoctor.pl\/en\/#organization","name":"Teledoctor \u2013 sie\u0107 bezp\u0142atnych przychodni w \u0141odzi","url":"https:\/\/teledoctor.pl\/en\/","logo":{"@type":"ImageObject","inLanguage":"en-US","@id":"https:\/\/teledoctor.pl\/en\/#\/schema\/logo\/image\/","url":"https:\/\/teledoctor.pl\/wp-content\/uploads\/2022\/09\/logoNowe.png","contentUrl":"https:\/\/teledoctor.pl\/wp-content\/uploads\/2022\/09\/logoNowe.png","width":11381,"height":2577,"caption":"Teledoctor \u2013 sie\u0107 bezp\u0142atnych przychodni w \u0141odzi"},"image":{"@id":"https:\/\/teledoctor.pl\/en\/#\/schema\/logo\/image\/"}}]}},"_links":{"self":[{"href":"https:\/\/teledoctor.pl\/en\/wp-json\/wp\/v2\/pages\/212","targetHints":{"allow":["GET"]}}],"collection":[{"href":"https:\/\/teledoctor.pl\/en\/wp-json\/wp\/v2\/pages"}],"about":[{"href":"https:\/\/teledoctor.pl\/en\/wp-json\/wp\/v2\/types\/page"}],"author":[{"embeddable":true,"href":"https:\/\/teledoctor.pl\/en\/wp-json\/wp\/v2\/users\/1"}],"replies":[{"embeddable":true,"href":"https:\/\/teledoctor.pl\/en\/wp-json\/wp\/v2\/comments?post=212"}],"version-history":[{"count":0,"href":"https:\/\/teledoctor.pl\/en\/wp-json\/wp\/v2\/pages\/212\/revisions"}],"wp:attachment":[{"href":"https:\/\/teledoctor.pl\/en\/wp-json\/wp\/v2\/media?parent=212"}],"curies":[{"name":"wp","href":"https:\/\/api.w.org\/{rel}","templated":true}]}}