{"id":213,"date":"2023-06-12T12:39:26","date_gmt":"2023-06-12T10:39:26","guid":{"rendered":"https:\/\/teledoctor.pl\/about-us\/"},"modified":"2023-07-27T15:02:31","modified_gmt":"2023-07-27T13:02:31","slug":"about-us","status":"publish","type":"page","link":"https:\/\/teledoctor.pl\/en\/about-us\/","title":{"rendered":"About us"},"content":{"rendered":"\n<div class=\"wp-block-columns is-layout-flex wp-container-core-columns-is-layout-9d6595d7 wp-block-columns-is-layout-flex\">\n<div class=\"wp-block-column is-layout-flow wp-block-column-is-layout-flow\">\n<h2 class=\"wp-block-heading page-header\"><span class=\"ez-toc-section\" id=\"About_the_Teledoctorpl_clinic\"><\/span>About the Teledoctor.pl clinic<span class=\"ez-toc-section-end\"><\/span><\/h2>\n\n\n\n<p class=\"after-title\">What services we offer and who can use them<\/p>\n\n\n\n<p>We are an innovative clinic of family doctors who care about your health and comfort. Our mission is to provide easy access to high-quality healthcare. We operate both for patients in \u0141\u00f3d\u017a and for people from all over Poland.<\/p>\n\n\n\n<p>We offer a wide range of medical services, including medical consultations, diagnostics, prescriptions, referrals to specialists and many others. Our team of experienced doctors is ready to provide you with professional advice and help in solving your health problems.<\/p>\n\n\n\n<p>Our priority is your comfortable and effective treatment. That is why we offer modern methods of contact, such as social communicators (messenger, whatsapp, viber), which allow you to quickly communicate with the doctor. In addition, we provide traditional teleconsultation and a stationary clinic in \u0141\u00f3d\u017a for those who prefer a traditional approach.<\/p>\n\n\n\n<p>It doesn&#8217;t matter if you need one-time medical advice or long-term care. We are here for you! Our services are available to everyone, both for people insured in the National Health Fund and for those who use private health insurance.<\/p>\n<\/div>\n\n\n\n<div class=\"wp-block-column is-layout-flow wp-block-column-is-layout-flow\">\n<figure class=\"wp-block-image size-large\"><img loading=\"lazy\" decoding=\"async\" width=\"700\" height=\"525\" src=\"https:\/\/teledoctor.pl\/wp-content\/uploads\/2023\/06\/lekarz-pacjent-teledoctor-700x525.jpg\" alt=\"\" class=\"wp-image-108\" srcset=\"https:\/\/teledoctor.pl\/wp-content\/uploads\/2023\/06\/lekarz-pacjent-teledoctor-700x525.jpg 700w, https:\/\/teledoctor.pl\/wp-content\/uploads\/2023\/06\/lekarz-pacjent-teledoctor-250x188.jpg 250w, https:\/\/teledoctor.pl\/wp-content\/uploads\/2023\/06\/lekarz-pacjent-teledoctor-768x576.jpg 768w, https:\/\/teledoctor.pl\/wp-content\/uploads\/2023\/06\/lekarz-pacjent-teledoctor-120x90.jpg 120w, https:\/\/teledoctor.pl\/wp-content\/uploads\/2023\/06\/lekarz-pacjent-teledoctor.jpg 800w\" sizes=\"auto, (max-width: 700px) 100vw, 700px\" \/><\/figure>\n<\/div>\n<\/div>\n\n<div class=\"wp-block-columns has-background is-layout-flex wp-container-core-columns-is-layout-9d6595d7 wp-block-columns-is-layout-flex\" style=\"background-color:#cfe2ff\">\n<div class=\"wp-block-column is-layout-flow wp-block-column-is-layout-flow\"><div class=\"wp-block-image\">\n<figure class=\"aligncenter size-full\"><img loading=\"lazy\" decoding=\"async\" width=\"162\" height=\"60\" src=\"https:\/\/teledoctor.pl\/wp-content\/uploads\/2023\/06\/nfz-logo.png\" alt=\"\" class=\"wp-image-120\" srcset=\"https:\/\/teledoctor.pl\/wp-content\/uploads\/2023\/06\/nfz-logo.png 162w, https:\/\/teledoctor.pl\/wp-content\/uploads\/2023\/06\/nfz-logo-120x44.png 120w\" sizes=\"auto, (max-width: 162px) 100vw, 162px\" \/><\/figure>\n<\/div>\n\n\n<div style=\"height:15px\" aria-hidden=\"true\" class=\"wp-block-spacer\"><\/div>\n\n\n\n<p class=\"has-text-align-center has-text-color\" style=\"color:#1c4070\"><strong>We operate free of charge<\/strong> <br\/><strong>within the National Health Fund<\/strong><\/p>\n<\/div>\n\n\n\n<div class=\"wp-block-column is-layout-flow wp-block-column-is-layout-flow\"><div class=\"wp-block-image\">\n<figure class=\"aligncenter size-full\"><img loading=\"lazy\" decoding=\"async\" width=\"60\" height=\"60\" src=\"https:\/\/teledoctor.pl\/wp-content\/uploads\/2023\/06\/kontakt-socialmedia.png\" alt=\"\" class=\"wp-image-122\"\/><\/figure>\n<\/div>\n\n\n<div style=\"height:15px\" aria-hidden=\"true\" class=\"wp-block-spacer\"><\/div>\n\n\n\n<p class=\"has-text-align-center has-text-color\" style=\"color:#1c4070\"><strong>Easy contact <\/strong><br\/><strong>via Social Media<\/strong><\/p>\n<\/div>\n\n\n\n<div class=\"wp-block-column is-layout-flow wp-block-column-is-layout-flow\"><div class=\"wp-block-image\">\n<figure class=\"aligncenter size-full\"><img loading=\"lazy\" decoding=\"async\" width=\"60\" height=\"60\" src=\"https:\/\/teledoctor.pl\/wp-content\/uploads\/2023\/06\/brak-kolejek.png\" alt=\"\" class=\"wp-image-123\"\/><\/figure>\n<\/div>\n\n\n<div style=\"height:15px\" aria-hidden=\"true\" class=\"wp-block-spacer\"><\/div>\n\n\n\n<p class=\"has-text-align-center has-text-color\" style=\"color:#1c4070\"><strong>Short waiting time <br\/>for an appointment<\/strong><\/p>\n<\/div>\n\n\n\n<div class=\"wp-block-column is-layout-flow wp-block-column-is-layout-flow\"><div class=\"wp-block-image\">\n<figure class=\"aligncenter size-full\"><img loading=\"lazy\" decoding=\"async\" width=\"60\" height=\"60\" src=\"https:\/\/teledoctor.pl\/wp-content\/uploads\/2023\/06\/rozne-jezyki.png\" alt=\"\" class=\"wp-image-124\"\/><\/figure>\n<\/div>\n\n\n<div style=\"height:15px\" aria-hidden=\"true\" class=\"wp-block-spacer\"><\/div>\n\n\n\n<p class=\"has-text-align-center has-text-color\" style=\"color:#1c4070\"><strong>We speak Polish, Ukrainian, English and Russian<\/strong><\/p>\n<\/div>\n<\/div>\n\n<div class=\"wp-block-columns is-layout-flex wp-container-core-columns-is-layout-9d6595d7 wp-block-columns-is-layout-flex\">\n<div class=\"wp-block-column is-layout-flow wp-block-column-is-layout-flow\">\n<figure class=\"wp-block-image size-large\"><img loading=\"lazy\" decoding=\"async\" width=\"700\" height=\"466\" src=\"https:\/\/teledoctor.pl\/wp-content\/uploads\/2023\/06\/teledoctor-pacjent-przeziebienie-700x466.jpg\" alt=\"\" class=\"wp-image-110\" srcset=\"https:\/\/teledoctor.pl\/wp-content\/uploads\/2023\/06\/teledoctor-pacjent-przeziebienie-700x466.jpg 700w, https:\/\/teledoctor.pl\/wp-content\/uploads\/2023\/06\/teledoctor-pacjent-przeziebienie-250x166.jpg 250w, https:\/\/teledoctor.pl\/wp-content\/uploads\/2023\/06\/teledoctor-pacjent-przeziebienie-768x511.jpg 768w, https:\/\/teledoctor.pl\/wp-content\/uploads\/2023\/06\/teledoctor-pacjent-przeziebienie-120x80.jpg 120w, https:\/\/teledoctor.pl\/wp-content\/uploads\/2023\/06\/teledoctor-pacjent-przeziebienie.jpg 800w\" sizes=\"auto, (max-width: 700px) 100vw, 700px\" \/><\/figure>\n<\/div>\n\n\n\n<div class=\"wp-block-column is-layout-flow wp-block-column-is-layout-flow\">\n<h2 class=\"wp-block-heading page-header\"><span class=\"ez-toc-section\" id=\"Free_Primary_Health_Care_services\"><\/span>Free Primary Health Care services<span class=\"ez-toc-section-end\"><\/span><\/h2>\n\n\n\n<p class=\"after-title\">Why our services are free<\/p>\n\n\n\n<p>We provide free medical services as part of Primary Health Care. Our clinic cooperates with the National Health Fund, which enables us to provide free healthcare to patients covered by public insurance.<\/p>\n\n\n\n<p>Why for free? Our goal is to ensure equal access to medical care for everyone. We believe that good health and appropriate care should not be reserved only for those who can afford it. Acting as part of Primary Health Care, we want to reach as many people as possible and provide them with professional medical care, regardless of their financial situation.<\/p>\n\n\n\n<p>Thanks to our free healthcare services, you can consult with a doctor, receive a prescription for medications, get a referral to a specialist, and much more, without incurring any additional costs. Our team of qualified doctors is waiting for you, ready to provide professional advice and assistance.<\/p>\n\n\n\n<p>Teledoctor.pl is a place where your health comes first. Take advantage of our free Primary Health Care services and trust the experience of our medical team. We care about you and we are here to help you!<\/p>\n<\/div>\n<\/div>\n","protected":false},"excerpt":{"rendered":"About the Teledoctor.pl clinic What services we offer and who can use them We are an innovative clinic of family doctors who care about your health and comfort. Our mission is to provide easy access to high-quality healthcare. We operate both for patients in \u0141\u00f3d\u017a and for people from all over Poland. We offer a&#8230; <a class=\"view-article\" href=\"https:\/\/teledoctor.pl\/en\/about-us\/\">View Article<\/a>","protected":false},"author":1,"featured_media":0,"parent":0,"menu_order":0,"comment_status":"closed","ping_status":"closed","template":"","meta":{"_acf_changed":false,"footnotes":""},"class_list":["post-213","page","type-page","status-publish","hentry"],"acf":[],"yoast_head":"<!-- This site is optimized with the Yoast SEO plugin v23.4 - https:\/\/yoast.com\/wordpress\/plugins\/seo\/ -->\n<title>About us - Teledoctor \u2013 sie\u0107 bezp\u0142atnych przychodni w \u0141odzi<\/title>\n<meta name=\"robots\" content=\"index, follow, max-snippet:-1, max-image-preview:large, max-video-preview:-1\" \/>\n<link rel=\"canonical\" href=\"https:\/\/teledoctor.pl\/en\/about-us\/\" \/>\n<meta property=\"og:locale\" content=\"en_US\" \/>\n<meta property=\"og:type\" content=\"article\" \/>\n<meta property=\"og:title\" content=\"About us - Teledoctor \u2013 sie\u0107 bezp\u0142atnych przychodni w \u0141odzi\" \/>\n<meta property=\"og:description\" content=\"About the Teledoctor.pl clinic What services we offer and who can use them We are an innovative clinic of family doctors who care about your health and comfort. Our mission is to provide easy access to high-quality healthcare. We operate both for patients in \u0141\u00f3d\u017a and for people from all over Poland. We offer a... View Article\" \/>\n<meta property=\"og:url\" content=\"https:\/\/teledoctor.pl\/en\/about-us\/\" \/>\n<meta property=\"og:site_name\" content=\"Teledoctor \u2013 sie\u0107 bezp\u0142atnych przychodni w \u0141odzi\" \/>\n<meta property=\"article:modified_time\" content=\"2023-07-27T13:02:31+00:00\" \/>\n<meta property=\"og:image\" content=\"https:\/\/teledoctor.pl\/wp-content\/uploads\/2023\/06\/lekarz-pacjent-teledoctor-700x525.jpg\" \/>\n<meta name=\"twitter:card\" content=\"summary_large_image\" \/>\n<meta name=\"twitter:label1\" content=\"Est. reading time\" \/>\n\t<meta name=\"twitter:data1\" content=\"2 minutes\" \/>\n<!-- \/ Yoast SEO plugin. -->","yoast_head_json":{"title":"About us - Teledoctor \u2013 sie\u0107 bezp\u0142atnych przychodni w \u0141odzi","robots":{"index":"index","follow":"follow","max-snippet":"max-snippet:-1","max-image-preview":"max-image-preview:large","max-video-preview":"max-video-preview:-1"},"canonical":"https:\/\/teledoctor.pl\/en\/about-us\/","og_locale":"en_US","og_type":"article","og_title":"About us - Teledoctor \u2013 sie\u0107 bezp\u0142atnych przychodni w \u0141odzi","og_description":"About the Teledoctor.pl clinic What services we offer and who can use them We are an innovative clinic of family doctors who care about your health and comfort. Our mission is to provide easy access to high-quality healthcare. We operate both for patients in \u0141\u00f3d\u017a and for people from all over Poland. We offer a... View Article","og_url":"https:\/\/teledoctor.pl\/en\/about-us\/","og_site_name":"Teledoctor \u2013 sie\u0107 bezp\u0142atnych przychodni w \u0141odzi","article_modified_time":"2023-07-27T13:02:31+00:00","og_image":[{"url":"https:\/\/teledoctor.pl\/wp-content\/uploads\/2023\/06\/lekarz-pacjent-teledoctor-700x525.jpg"}],"twitter_card":"summary_large_image","twitter_misc":{"Est. reading time":"2 minutes"},"schema":{"@context":"https:\/\/schema.org","@graph":[{"@type":"WebPage","@id":"https:\/\/teledoctor.pl\/en\/about-us\/","url":"https:\/\/teledoctor.pl\/en\/about-us\/","name":"About us - Teledoctor \u2013 sie\u0107 bezp\u0142atnych przychodni w \u0141odzi","isPartOf":{"@id":"https:\/\/teledoctor.pl\/en\/#website"},"primaryImageOfPage":{"@id":"https:\/\/teledoctor.pl\/en\/about-us\/#primaryimage"},"image":{"@id":"https:\/\/teledoctor.pl\/en\/about-us\/#primaryimage"},"thumbnailUrl":"https:\/\/teledoctor.pl\/wp-content\/uploads\/2023\/06\/lekarz-pacjent-teledoctor-700x525.jpg","datePublished":"2023-06-12T10:39:26+00:00","dateModified":"2023-07-27T13:02:31+00:00","breadcrumb":{"@id":"https:\/\/teledoctor.pl\/en\/about-us\/#breadcrumb"},"inLanguage":"en-US","potentialAction":[{"@type":"ReadAction","target":["https:\/\/teledoctor.pl\/en\/about-us\/"]}]},{"@type":"ImageObject","inLanguage":"en-US","@id":"https:\/\/teledoctor.pl\/en\/about-us\/#primaryimage","url":"https:\/\/teledoctor.pl\/wp-content\/uploads\/2023\/06\/lekarz-pacjent-teledoctor-700x525.jpg","contentUrl":"https:\/\/teledoctor.pl\/wp-content\/uploads\/2023\/06\/lekarz-pacjent-teledoctor-700x525.jpg"},{"@type":"BreadcrumbList","@id":"https:\/\/teledoctor.pl\/en\/about-us\/#breadcrumb","itemListElement":[{"@type":"ListItem","position":1,"name":"Strona g\u0142\u00f3wna","item":"https:\/\/teledoctor.pl\/en\/"},{"@type":"ListItem","position":2,"name":"About us"}]},{"@type":"WebSite","@id":"https:\/\/teledoctor.pl\/en\/#website","url":"https:\/\/teledoctor.pl\/en\/","name":"Teledoctor \u2013 sie\u0107 bezp\u0142atnych przychodni w \u0141odzi","description":"Bezp\u0142atne przychodnie lekarskie w \u0141odzi, Lekarz rodzinny","publisher":{"@id":"https:\/\/teledoctor.pl\/en\/#organization"},"potentialAction":[{"@type":"SearchAction","target":{"@type":"EntryPoint","urlTemplate":"https:\/\/teledoctor.pl\/en\/?s={search_term_string}"},"query-input":{"@type":"PropertyValueSpecification","valueRequired":true,"valueName":"search_term_string"}}],"inLanguage":"en-US"},{"@type":"Organization","@id":"https:\/\/teledoctor.pl\/en\/#organization","name":"Teledoctor \u2013 sie\u0107 bezp\u0142atnych przychodni w \u0141odzi","url":"https:\/\/teledoctor.pl\/en\/","logo":{"@type":"ImageObject","inLanguage":"en-US","@id":"https:\/\/teledoctor.pl\/en\/#\/schema\/logo\/image\/","url":"https:\/\/teledoctor.pl\/wp-content\/uploads\/2022\/09\/logoNowe.png","contentUrl":"https:\/\/teledoctor.pl\/wp-content\/uploads\/2022\/09\/logoNowe.png","width":11381,"height":2577,"caption":"Teledoctor \u2013 sie\u0107 bezp\u0142atnych przychodni w \u0141odzi"},"image":{"@id":"https:\/\/teledoctor.pl\/en\/#\/schema\/logo\/image\/"}}]}},"_links":{"self":[{"href":"https:\/\/teledoctor.pl\/en\/wp-json\/wp\/v2\/pages\/213","targetHints":{"allow":["GET"]}}],"collection":[{"href":"https:\/\/teledoctor.pl\/en\/wp-json\/wp\/v2\/pages"}],"about":[{"href":"https:\/\/teledoctor.pl\/en\/wp-json\/wp\/v2\/types\/page"}],"author":[{"embeddable":true,"href":"https:\/\/teledoctor.pl\/en\/wp-json\/wp\/v2\/users\/1"}],"replies":[{"embeddable":true,"href":"https:\/\/teledoctor.pl\/en\/wp-json\/wp\/v2\/comments?post=213"}],"version-history":[{"count":1,"href":"https:\/\/teledoctor.pl\/en\/wp-json\/wp\/v2\/pages\/213\/revisions"}],"predecessor-version":[{"id":214,"href":"https:\/\/teledoctor.pl\/en\/wp-json\/wp\/v2\/pages\/213\/revisions\/214"}],"wp:attachment":[{"href":"https:\/\/teledoctor.pl\/en\/wp-json\/wp\/v2\/media?parent=213"}],"curies":[{"name":"wp","href":"https:\/\/api.w.org\/{rel}","templated":true}]}}