{"id":162,"date":"2023-06-06T08:29:32","date_gmt":"2023-06-06T06:29:32","guid":{"rendered":"https:\/\/teledoctor.pl\/%d0%b4%d0%be%d0%b4%d0%be%d0%bc%d1%83\/"},"modified":"2023-09-23T22:48:42","modified_gmt":"2023-09-23T20:48:42","slug":"%d0%b4%d0%be%d0%b4%d0%be%d0%bc%d1%83","status":"publish","type":"page","link":"https:\/\/teledoctor.pl\/uk\/","title":{"rendered":"\u0434\u043e\u0434\u043e\u043c\u0443"},"content":{"rendered":"","protected":false},"excerpt":{"rendered":"","protected":false},"author":1,"featured_media":0,"parent":0,"menu_order":0,"comment_status":"closed","ping_status":"closed","template":"","meta":{"_acf_changed":false,"footnotes":""},"class_list":["post-162","page","type-page","status-publish","hentry"],"acf":[],"yoast_head":"<!-- This site is optimized with the Yoast SEO plugin v23.4 - https:\/\/yoast.com\/wordpress\/plugins\/seo\/ -->\n<title>Teledoctor - \u0431\u0435\u0437\u043a\u043e\u0448\u0442\u043e\u0432\u043d\u0430 \u043e\u043d\u043b\u0430\u0439\u043d \u043f\u043e\u043b\u0456\u043a\u043b\u0456\u043d\u0456\u043a\u0430 | \u041f\u043e\u043b\u0456\u043a\u043b\u0456\u043d\u0456\u043a\u0430 \u041d\u0424\u0417 \u041b\u043e\u0434\u0437\u044c<\/title>\n<meta name=\"description\" content=\"&quot;Teledoctor - \u0446\u0435 \u0431\u0435\u0437\u043a\u043e\u0448\u0442\u043e\u0432\u043d\u0456 \u0456\u043d\u0442\u0435\u0440\u043d\u0435\u0442- \u0442\u0430 \u0441\u0442\u0430\u0446\u0456\u043e\u043d\u0430\u0440\u043d\u0456 \u043f\u043e\u043b\u0456\u043a\u043b\u0456\u043d\u0456\u043a\u0438 \u0432 \u041b\u043e\u0434\u0437\u0456. \u041b\u0456\u043a\u0430\u0440\u0456 \u0442\u0430 \u043f\u0435\u0440\u0441\u043e\u043d\u0430\u043b \u0440\u043e\u0437\u043c\u043e\u0432\u043b\u044f\u044e\u0442\u044c \u0443\u043a\u0440\u0430\u0457\u043d\u0441\u044c\u043a\u043e\u044e, \u043f\u043e\u043b\u044c\u0441\u044c\u043a\u043e\u044e \u0442\u0430 \u0430\u043d\u0433\u043b\u0456\u0439\u0441\u044c\u043a\u043e\u044e \u043c\u043e\u0432\u0430\u043c\u0438.\" \/>\n<meta name=\"robots\" content=\"index, follow, max-snippet:-1, max-image-preview:large, max-video-preview:-1\" \/>\n<link rel=\"canonical\" href=\"https:\/\/teledoctor.pl\/uk\/\" \/>\n<meta property=\"og:locale\" content=\"uk_UA\" \/>\n<meta property=\"og:type\" content=\"article\" \/>\n<meta property=\"og:title\" content=\"Teledoctor - \u0431\u0435\u0437\u043a\u043e\u0448\u0442\u043e\u0432\u043d\u0430 \u043e\u043d\u043b\u0430\u0439\u043d \u043f\u043e\u043b\u0456\u043a\u043b\u0456\u043d\u0456\u043a\u0430 | \u041f\u043e\u043b\u0456\u043a\u043b\u0456\u043d\u0456\u043a\u0430 \u041d\u0424\u0417 \u041b\u043e\u0434\u0437\u044c\" \/>\n<meta property=\"og:description\" content=\"&quot;Teledoctor - \u0446\u0435 \u0431\u0435\u0437\u043a\u043e\u0448\u0442\u043e\u0432\u043d\u0456 \u0456\u043d\u0442\u0435\u0440\u043d\u0435\u0442- \u0442\u0430 \u0441\u0442\u0430\u0446\u0456\u043e\u043d\u0430\u0440\u043d\u0456 \u043f\u043e\u043b\u0456\u043a\u043b\u0456\u043d\u0456\u043a\u0438 \u0432 \u041b\u043e\u0434\u0437\u0456. \u041b\u0456\u043a\u0430\u0440\u0456 \u0442\u0430 \u043f\u0435\u0440\u0441\u043e\u043d\u0430\u043b \u0440\u043e\u0437\u043c\u043e\u0432\u043b\u044f\u044e\u0442\u044c \u0443\u043a\u0440\u0430\u0457\u043d\u0441\u044c\u043a\u043e\u044e, \u043f\u043e\u043b\u044c\u0441\u044c\u043a\u043e\u044e \u0442\u0430 \u0430\u043d\u0433\u043b\u0456\u0439\u0441\u044c\u043a\u043e\u044e \u043c\u043e\u0432\u0430\u043c\u0438.\" \/>\n<meta property=\"og:url\" content=\"https:\/\/teledoctor.pl\/uk\/\" \/>\n<meta property=\"og:site_name\" content=\"Teledoctor \u2013 sie\u0107 bezp\u0142atnych przychodni w \u0141odzi\" \/>\n<meta property=\"article:modified_time\" content=\"2023-09-23T20:48:42+00:00\" \/>\n<meta name=\"twitter:card\" content=\"summary_large_image\" \/>\n<!-- \/ Yoast SEO plugin. -->","yoast_head_json":{"title":"Teledoctor - \u0431\u0435\u0437\u043a\u043e\u0448\u0442\u043e\u0432\u043d\u0430 \u043e\u043d\u043b\u0430\u0439\u043d \u043f\u043e\u043b\u0456\u043a\u043b\u0456\u043d\u0456\u043a\u0430 | \u041f\u043e\u043b\u0456\u043a\u043b\u0456\u043d\u0456\u043a\u0430 \u041d\u0424\u0417 \u041b\u043e\u0434\u0437\u044c","description":"\"Teledoctor - \u0446\u0435 \u0431\u0435\u0437\u043a\u043e\u0448\u0442\u043e\u0432\u043d\u0456 \u0456\u043d\u0442\u0435\u0440\u043d\u0435\u0442- \u0442\u0430 \u0441\u0442\u0430\u0446\u0456\u043e\u043d\u0430\u0440\u043d\u0456 \u043f\u043e\u043b\u0456\u043a\u043b\u0456\u043d\u0456\u043a\u0438 \u0432 \u041b\u043e\u0434\u0437\u0456. \u041b\u0456\u043a\u0430\u0440\u0456 \u0442\u0430 \u043f\u0435\u0440\u0441\u043e\u043d\u0430\u043b \u0440\u043e\u0437\u043c\u043e\u0432\u043b\u044f\u044e\u0442\u044c \u0443\u043a\u0440\u0430\u0457\u043d\u0441\u044c\u043a\u043e\u044e, \u043f\u043e\u043b\u044c\u0441\u044c\u043a\u043e\u044e \u0442\u0430 \u0430\u043d\u0433\u043b\u0456\u0439\u0441\u044c\u043a\u043e\u044e \u043c\u043e\u0432\u0430\u043c\u0438.","robots":{"index":"index","follow":"follow","max-snippet":"max-snippet:-1","max-image-preview":"max-image-preview:large","max-video-preview":"max-video-preview:-1"},"canonical":"https:\/\/teledoctor.pl\/uk\/","og_locale":"uk_UA","og_type":"article","og_title":"Teledoctor - \u0431\u0435\u0437\u043a\u043e\u0448\u0442\u043e\u0432\u043d\u0430 \u043e\u043d\u043b\u0430\u0439\u043d \u043f\u043e\u043b\u0456\u043a\u043b\u0456\u043d\u0456\u043a\u0430 | \u041f\u043e\u043b\u0456\u043a\u043b\u0456\u043d\u0456\u043a\u0430 \u041d\u0424\u0417 \u041b\u043e\u0434\u0437\u044c","og_description":"\"Teledoctor - \u0446\u0435 \u0431\u0435\u0437\u043a\u043e\u0448\u0442\u043e\u0432\u043d\u0456 \u0456\u043d\u0442\u0435\u0440\u043d\u0435\u0442- \u0442\u0430 \u0441\u0442\u0430\u0446\u0456\u043e\u043d\u0430\u0440\u043d\u0456 \u043f\u043e\u043b\u0456\u043a\u043b\u0456\u043d\u0456\u043a\u0438 \u0432 \u041b\u043e\u0434\u0437\u0456. \u041b\u0456\u043a\u0430\u0440\u0456 \u0442\u0430 \u043f\u0435\u0440\u0441\u043e\u043d\u0430\u043b \u0440\u043e\u0437\u043c\u043e\u0432\u043b\u044f\u044e\u0442\u044c \u0443\u043a\u0440\u0430\u0457\u043d\u0441\u044c\u043a\u043e\u044e, \u043f\u043e\u043b\u044c\u0441\u044c\u043a\u043e\u044e \u0442\u0430 \u0430\u043d\u0433\u043b\u0456\u0439\u0441\u044c\u043a\u043e\u044e \u043c\u043e\u0432\u0430\u043c\u0438.","og_url":"https:\/\/teledoctor.pl\/uk\/","og_site_name":"Teledoctor \u2013 sie\u0107 bezp\u0142atnych przychodni w \u0141odzi","article_modified_time":"2023-09-23T20:48:42+00:00","twitter_card":"summary_large_image","schema":{"@context":"https:\/\/schema.org","@graph":[{"@type":"WebPage","@id":"https:\/\/teledoctor.pl\/uk\/","url":"https:\/\/teledoctor.pl\/uk\/","name":"Teledoctor - \u0431\u0435\u0437\u043a\u043e\u0448\u0442\u043e\u0432\u043d\u0430 \u043e\u043d\u043b\u0430\u0439\u043d \u043f\u043e\u043b\u0456\u043a\u043b\u0456\u043d\u0456\u043a\u0430 | \u041f\u043e\u043b\u0456\u043a\u043b\u0456\u043d\u0456\u043a\u0430 \u041d\u0424\u0417 \u041b\u043e\u0434\u0437\u044c","isPartOf":{"@id":"https:\/\/teledoctor.pl\/uk\/#website"},"datePublished":"2023-06-06T06:29:32+00:00","dateModified":"2023-09-23T20:48:42+00:00","description":"\"Teledoctor - \u0446\u0435 \u0431\u0435\u0437\u043a\u043e\u0448\u0442\u043e\u0432\u043d\u0456 \u0456\u043d\u0442\u0435\u0440\u043d\u0435\u0442- \u0442\u0430 \u0441\u0442\u0430\u0446\u0456\u043e\u043d\u0430\u0440\u043d\u0456 \u043f\u043e\u043b\u0456\u043a\u043b\u0456\u043d\u0456\u043a\u0438 \u0432 \u041b\u043e\u0434\u0437\u0456. \u041b\u0456\u043a\u0430\u0440\u0456 \u0442\u0430 \u043f\u0435\u0440\u0441\u043e\u043d\u0430\u043b \u0440\u043e\u0437\u043c\u043e\u0432\u043b\u044f\u044e\u0442\u044c \u0443\u043a\u0440\u0430\u0457\u043d\u0441\u044c\u043a\u043e\u044e, \u043f\u043e\u043b\u044c\u0441\u044c\u043a\u043e\u044e \u0442\u0430 \u0430\u043d\u0433\u043b\u0456\u0439\u0441\u044c\u043a\u043e\u044e \u043c\u043e\u0432\u0430\u043c\u0438.","breadcrumb":{"@id":"https:\/\/teledoctor.pl\/uk\/#breadcrumb"},"inLanguage":"uk","potentialAction":[{"@type":"ReadAction","target":["https:\/\/teledoctor.pl\/uk\/"]}]},{"@type":"BreadcrumbList","@id":"https:\/\/teledoctor.pl\/uk\/#breadcrumb","itemListElement":[{"@type":"ListItem","position":1,"name":"Strona g\u0142\u00f3wna","item":"https:\/\/teledoctor.pl\/uk\/"},{"@type":"ListItem","position":2,"name":"\u0434\u043e\u0434\u043e\u043c\u0443"}]},{"@type":"WebSite","@id":"https:\/\/teledoctor.pl\/uk\/#website","url":"https:\/\/teledoctor.pl\/uk\/","name":"Teledoctor \u2013 sie\u0107 bezp\u0142atnych przychodni w \u0141odzi","description":"Bezp\u0142atne przychodnie lekarskie w \u0141odzi, Lekarz rodzinny","publisher":{"@id":"https:\/\/teledoctor.pl\/uk\/#organization"},"potentialAction":[{"@type":"SearchAction","target":{"@type":"EntryPoint","urlTemplate":"https:\/\/teledoctor.pl\/uk\/?s={search_term_string}"},"query-input":{"@type":"PropertyValueSpecification","valueRequired":true,"valueName":"search_term_string"}}],"inLanguage":"uk"},{"@type":"Organization","@id":"https:\/\/teledoctor.pl\/uk\/#organization","name":"Teledoctor \u2013 sie\u0107 bezp\u0142atnych przychodni w \u0141odzi","url":"https:\/\/teledoctor.pl\/uk\/","logo":{"@type":"ImageObject","inLanguage":"uk","@id":"https:\/\/teledoctor.pl\/uk\/#\/schema\/logo\/image\/","url":"https:\/\/teledoctor.pl\/wp-content\/uploads\/2022\/09\/logoNowe.png","contentUrl":"https:\/\/teledoctor.pl\/wp-content\/uploads\/2022\/09\/logoNowe.png","width":11381,"height":2577,"caption":"Teledoctor \u2013 sie\u0107 bezp\u0142atnych przychodni w \u0141odzi"},"image":{"@id":"https:\/\/teledoctor.pl\/uk\/#\/schema\/logo\/image\/"}}]}},"_links":{"self":[{"href":"https:\/\/teledoctor.pl\/uk\/wp-json\/wp\/v2\/pages\/162","targetHints":{"allow":["GET"]}}],"collection":[{"href":"https:\/\/teledoctor.pl\/uk\/wp-json\/wp\/v2\/pages"}],"about":[{"href":"https:\/\/teledoctor.pl\/uk\/wp-json\/wp\/v2\/types\/page"}],"author":[{"embeddable":true,"href":"https:\/\/teledoctor.pl\/uk\/wp-json\/wp\/v2\/users\/1"}],"replies":[{"embeddable":true,"href":"https:\/\/teledoctor.pl\/uk\/wp-json\/wp\/v2\/comments?post=162"}],"version-history":[{"count":1,"href":"https:\/\/teledoctor.pl\/uk\/wp-json\/wp\/v2\/pages\/162\/revisions"}],"predecessor-version":[{"id":209,"href":"https:\/\/teledoctor.pl\/uk\/wp-json\/wp\/v2\/pages\/162\/revisions\/209"}],"wp:attachment":[{"href":"https:\/\/teledoctor.pl\/uk\/wp-json\/wp\/v2\/media?parent=162"}],"curies":[{"name":"wp","href":"https:\/\/api.w.org\/{rel}","templated":true}]}}