{"id":165,"date":"2023-06-12T09:24:55","date_gmt":"2023-06-12T07:24:55","guid":{"rendered":"https:\/\/teledoctor.pl\/%d0%b7%d0%b0%d0%bc%d0%be%d0%b2-%d1%82%d0%b5%d0%bb%d0%b5%d0%ba%d0%be%d0%bd%d1%81%d1%83%d0%bb%d1%8c%d1%82%d0%b0%d1%86%d1%96%d1%8e\/"},"modified":"2023-07-26T10:01:41","modified_gmt":"2023-07-26T08:01:41","slug":"%d0%b7%d0%b0%d0%bc%d0%be%d0%b2-%d1%82%d0%b5%d0%bb%d0%b5%d0%ba%d0%be%d0%bd%d1%81%d1%83%d0%bb%d1%8c%d1%82%d0%b0%d1%86%d1%96%d1%8e","status":"publish","type":"page","link":"https:\/\/teledoctor.pl\/uk\/%d0%b7%d0%b0%d0%bc%d0%be%d0%b2-%d1%82%d0%b5%d0%bb%d0%b5%d0%ba%d0%be%d0%bd%d1%81%d1%83%d0%bb%d1%8c%d1%82%d0%b0%d1%86%d1%96%d1%8e\/","title":{"rendered":"\u0417\u0430\u043c\u043e\u0432 \u0442\u0435\u043b\u0435\u043a\u043e\u043d\u0441\u0443\u043b\u044c\u0442\u0430\u0446\u0456\u044e"},"content":{"rendered":"\n<p><strong>\u0428\u0432\u0438\u0434\u043a\u043e, \u0431\u0435\u0437\u043f\u0435\u0447\u043d\u043e, <em>\u0431\u0435\u0437 \u0440\u0435\u0454\u0441\u0442\u0440\u0430\u0446\u0456\u0457 \u043e\u0431\u043b\u0456\u043a\u043e\u0432\u043e\u0433\u043e<\/em> \u0437\u0430\u043f\u0438\u0441\u0443 \u043a\u043e\u0440\u0438\u0441\u0442\u0443\u0432\u0430\u0447\u0430 \u043d\u0430 \u0441\u0430\u0439\u0442\u0456 &#8211; \u0437\u0430 \u0434\u043e\u043f\u043e\u043c\u043e\u0433\u043e\u044e \u0443\u043b\u044e\u0431\u043b\u0435\u043d\u043e\u0433\u043e \u0434\u043e\u0434\u0430\u0442\u043a\u0443.<\/strong><\/p>\n\n<p>\u041d\u0430\u043f\u0438\u0448\u0456\u0442\u044c \u0434\u043e \u043d\u0430\u0441 \u0447\u0435\u0440\u0435\u0437 \u0443\u043b\u044e\u0431\u043b\u0435\u043d\u0438\u0439 \u0434\u043e\u0434\u0430\u0442\u043e\u043a (Messenger, WhatsApp, Viber) \u0430\u0431\u043e \u0437\u0430\u043f\u043e\u0432\u043d\u0456\u0442\u044c <strong>\u043a\u043e\u043d\u0442\u0430\u043a\u0442\u043d\u0443 \u0444\u043e\u0440\u043c\u0443<\/strong>. \u041c\u0438 \u043e\u0440\u0433\u0430\u043d\u0456\u0437\u0443\u0454\u043c\u043e \u043c\u0435\u0434\u0438\u0447\u043d\u0443 \u043a\u043e\u043d\u0441\u0443\u043b\u044c\u0442\u0430\u0446\u0456\u044e, \u043f\u0456\u0434 \u0447\u0430\u0441 \u044f\u043a\u043e\u0457 \u0432\u0438 \u0437\u043c\u043e\u0436\u0435\u0442\u0435 \u043e\u0442\u0440\u0438\u043c\u0430\u0442\u0438 <strong>\u0435-\u0440\u0435\u0446\u0435\u043f\u0442<\/strong>, <strong>\u0435-\u043b\u0456\u043a\u0430\u0440\u043d\u044f\u043d\u0438\u0439<\/strong> \u0447\u0438 <strong>\u0435-\u043d\u0430\u043f\u0440\u0430\u0432\u043b\u0435\u043d\u043d\u044f<\/strong>, \u043d\u0435 \u0432\u0438\u0445\u043e\u0434\u044f\u0447\u0438 \u0437 \u0434\u043e\u043c\u0443, \u043d\u0435 \u0441\u0442\u043e\u044f\u0447\u0438 \u0432 \u0447\u0435\u0440\u0437\u0456 \u0434\u043e \u043a\u0430\u0431\u0456\u043d\u0435\u0442\u0443! <strong>\u0412\u0441\u0435 \u0446\u0435 \u0431\u0435\u0437\u043a\u043e\u0448\u0442\u043e\u0432\u043d\u043e!<\/strong><\/p>\n\n<p>\u041f\u0456\u0434 \u0447\u0430\u0441 \u0442\u0435\u043b\u0435\u0440\u0430\u0434\u0438 \u0432\u0438 \u043c\u043e\u0436\u0435\u0442\u0435:<\/p>\n\n<ul class=\"wp-block-list\">\n<li>\u043f\u0440\u043e\u043a\u043e\u043d\u0441\u0443\u043b\u044c\u0442\u0443\u0432\u0430\u0442\u0438\u0441\u044f \u0449\u043e\u0434\u043e \u0441\u0438\u043c\u043f\u0442\u043e\u043c\u0456\u0432 \u044f\u043a\u0456 \u0432\u0430\u0441 \u0442\u0443\u0440\u0431\u0443\u044e\u0442\u044c \u0430\u0431\u043e \u043f\u043e\u0433\u0430\u043d\u043e\u0433\u043e \u0441\u0430\u043c\u043e\u043f\u043e\u0447\u0443\u0442\u0442\u044f<\/li>\n\n\n\n<li>\u043e\u0431\u0433\u043e\u0432\u043e\u0440\u0438\u0442\u0438 \u0440\u0435\u0437\u0443\u043b\u044c\u0442\u0430\u0442\u0438 \u0430\u043d\u0430\u043b\u0456\u0437\u0456\u0432, \u043d\u0430\u043f\u0440\u0438\u043a\u043b\u0430\u0434, \u0440\u0456\u0432\u043d\u044f \u0446\u0443\u043a\u0440\u0443 \u0430\u0431\u043e \u0430\u0440\u0442\u0435\u0440\u0456\u0430\u043b\u044c\u043d\u043e\u0433\u043e \u0442\u0438\u0441\u043a\u0443<\/li>\n\n\n\n<li>\u043f\u043e\u043f\u0440\u043e\u0441\u0438\u0442\u0438 \u0435\u043b\u0435\u043a\u0442\u0440\u043e\u043d\u043d\u0438\u0439 \u0440\u0435\u0446\u0435\u043f\u0442 \u043d\u0430 \u043b\u0456\u043a\u0438, \u044f\u043a\u0456 \u0432\u0438 \u0440\u0435\u0433\u0443\u043b\u044f\u0440\u043d\u043e \u043f\u0440\u0438\u0439\u043c\u0430\u0454\u0442\u0435 \u043f\u0456\u0434 \u0447\u0430\u0441 \u0445\u0440\u043e\u043d\u0456\u0447\u043d\u0438\u0445 \u0437\u0430\u0445\u0432\u043e\u0440\u044e\u0432\u0430\u043d\u044c<\/li>\n\n\n\n<li>\u0437\u0430\u043f\u0438\u0442\u0430\u0442\u0438 \u043f\u0440\u043e \u0434\u043e\u0437\u0443\u0432\u0430\u043d\u043d\u044f \u043f\u0440\u0435\u043f\u0430\u0440\u0430\u0442\u0443<\/li>\n\n\n\n<li>\u043e\u0442\u0440\u0438\u043c\u0430\u0442\u0438 \u043c\u0435\u0434\u0438\u0447\u043d\u0443 \u043a\u043e\u043d\u0441\u0443\u043b\u044c\u0442\u0430\u0446\u0456\u044e<\/li>\n\n\n\n<li>\u043e\u0442\u0440\u0438\u043c\u0430\u0442\u0438 \u0435\u043b\u0435\u043a\u0442\u0440\u043e\u043d\u043d\u0438\u0439 \u043b\u0456\u043a\u0430\u0440\u043d\u044f\u043d\u0438\u0439<\/li>\n<\/ul>\n","protected":false},"excerpt":{"rendered":"\u0428\u0432\u0438\u0434\u043a\u043e, \u0431\u0435\u0437\u043f\u0435\u0447\u043d\u043e, \u0431\u0435\u0437 \u0440\u0435\u0454\u0441\u0442\u0440\u0430\u0446\u0456\u0457 \u043e\u0431\u043b\u0456\u043a\u043e\u0432\u043e\u0433\u043e \u0437\u0430\u043f\u0438\u0441\u0443 \u043a\u043e\u0440\u0438\u0441\u0442\u0443\u0432\u0430\u0447\u0430 \u043d\u0430 \u0441\u0430\u0439\u0442\u0456 &#8211; \u0437\u0430 \u0434\u043e\u043f\u043e\u043c\u043e\u0433\u043e\u044e \u0443\u043b\u044e\u0431\u043b\u0435\u043d\u043e\u0433\u043e \u0434\u043e\u0434\u0430\u0442\u043a\u0443. \u041d\u0430\u043f\u0438\u0448\u0456\u0442\u044c \u0434\u043e \u043d\u0430\u0441 \u0447\u0435\u0440\u0435\u0437 \u0443\u043b\u044e\u0431\u043b\u0435\u043d\u0438\u0439 \u0434\u043e\u0434\u0430\u0442\u043e\u043a (Messenger, WhatsApp, Viber) \u0430\u0431\u043e \u0437\u0430\u043f\u043e\u0432\u043d\u0456\u0442\u044c \u043a\u043e\u043d\u0442\u0430\u043a\u0442\u043d\u0443 \u0444\u043e\u0440\u043c\u0443. \u041c\u0438 \u043e\u0440\u0433\u0430\u043d\u0456\u0437\u0443\u0454\u043c\u043e \u043c\u0435\u0434\u0438\u0447\u043d\u0443 \u043a\u043e\u043d\u0441\u0443\u043b\u044c\u0442\u0430\u0446\u0456\u044e, \u043f\u0456\u0434 \u0447\u0430\u0441 \u044f\u043a\u043e\u0457 \u0432\u0438 \u0437\u043c\u043e\u0436\u0435\u0442\u0435 \u043e\u0442\u0440\u0438\u043c\u0430\u0442\u0438 \u0435-\u0440\u0435\u0446\u0435\u043f\u0442, \u0435-\u043b\u0456\u043a\u0430\u0440\u043d\u044f\u043d\u0438\u0439 \u0447\u0438 \u0435-\u043d\u0430\u043f\u0440\u0430\u0432\u043b\u0435\u043d\u043d\u044f, \u043d\u0435 \u0432\u0438\u0445\u043e\u0434\u044f\u0447\u0438 \u0437 \u0434\u043e\u043c\u0443, \u043d\u0435 \u0441\u0442\u043e\u044f\u0447\u0438 \u0432 \u0447\u0435\u0440\u0437\u0456 \u0434\u043e \u043a\u0430\u0431\u0456\u043d\u0435\u0442\u0443! \u0412\u0441\u0435 \u0446\u0435 \u0431\u0435\u0437\u043a\u043e\u0448\u0442\u043e\u0432\u043d\u043e! \u041f\u0456\u0434&#8230; <a class=\"view-article\" href=\"https:\/\/teledoctor.pl\/uk\/%d0%b7%d0%b0%d0%bc%d0%be%d0%b2-%d1%82%d0%b5%d0%bb%d0%b5%d0%ba%d0%be%d0%bd%d1%81%d1%83%d0%bb%d1%8c%d1%82%d0%b0%d1%86%d1%96%d1%8e\/\">View Article<\/a>","protected":false},"author":1,"featured_media":0,"parent":0,"menu_order":0,"comment_status":"closed","ping_status":"closed","template":"","meta":{"_acf_changed":false,"footnotes":""},"class_list":["post-165","page","type-page","status-publish","hentry"],"acf":[],"yoast_head":"<!-- This site is optimized with the Yoast SEO plugin v23.4 - https:\/\/yoast.com\/wordpress\/plugins\/seo\/ -->\n<title>\u0417\u0430\u043c\u043e\u0432 \u0442\u0435\u043b\u0435\u043a\u043e\u043d\u0441\u0443\u043b\u044c\u0442\u0430\u0446\u0456\u044e - Teledoctor \u2013 sie\u0107 bezp\u0142atnych przychodni w \u0141odzi<\/title>\n<meta name=\"robots\" content=\"noindex, follow\" \/>\n<meta property=\"og:locale\" content=\"uk_UA\" \/>\n<meta property=\"og:type\" content=\"article\" \/>\n<meta property=\"og:title\" content=\"\u0417\u0430\u043c\u043e\u0432 \u0442\u0435\u043b\u0435\u043a\u043e\u043d\u0441\u0443\u043b\u044c\u0442\u0430\u0446\u0456\u044e - Teledoctor \u2013 sie\u0107 bezp\u0142atnych przychodni w \u0141odzi\" \/>\n<meta property=\"og:description\" content=\"\u0428\u0432\u0438\u0434\u043a\u043e, \u0431\u0435\u0437\u043f\u0435\u0447\u043d\u043e, \u0431\u0435\u0437 \u0440\u0435\u0454\u0441\u0442\u0440\u0430\u0446\u0456\u0457 \u043e\u0431\u043b\u0456\u043a\u043e\u0432\u043e\u0433\u043e \u0437\u0430\u043f\u0438\u0441\u0443 \u043a\u043e\u0440\u0438\u0441\u0442\u0443\u0432\u0430\u0447\u0430 \u043d\u0430 \u0441\u0430\u0439\u0442\u0456 &#8211; \u0437\u0430 \u0434\u043e\u043f\u043e\u043c\u043e\u0433\u043e\u044e \u0443\u043b\u044e\u0431\u043b\u0435\u043d\u043e\u0433\u043e \u0434\u043e\u0434\u0430\u0442\u043a\u0443. \u041d\u0430\u043f\u0438\u0448\u0456\u0442\u044c \u0434\u043e \u043d\u0430\u0441 \u0447\u0435\u0440\u0435\u0437 \u0443\u043b\u044e\u0431\u043b\u0435\u043d\u0438\u0439 \u0434\u043e\u0434\u0430\u0442\u043e\u043a (Messenger, WhatsApp, Viber) \u0430\u0431\u043e \u0437\u0430\u043f\u043e\u0432\u043d\u0456\u0442\u044c \u043a\u043e\u043d\u0442\u0430\u043a\u0442\u043d\u0443 \u0444\u043e\u0440\u043c\u0443. \u041c\u0438 \u043e\u0440\u0433\u0430\u043d\u0456\u0437\u0443\u0454\u043c\u043e \u043c\u0435\u0434\u0438\u0447\u043d\u0443 \u043a\u043e\u043d\u0441\u0443\u043b\u044c\u0442\u0430\u0446\u0456\u044e, \u043f\u0456\u0434 \u0447\u0430\u0441 \u044f\u043a\u043e\u0457 \u0432\u0438 \u0437\u043c\u043e\u0436\u0435\u0442\u0435 \u043e\u0442\u0440\u0438\u043c\u0430\u0442\u0438 \u0435-\u0440\u0435\u0446\u0435\u043f\u0442, \u0435-\u043b\u0456\u043a\u0430\u0440\u043d\u044f\u043d\u0438\u0439 \u0447\u0438 \u0435-\u043d\u0430\u043f\u0440\u0430\u0432\u043b\u0435\u043d\u043d\u044f, \u043d\u0435 \u0432\u0438\u0445\u043e\u0434\u044f\u0447\u0438 \u0437 \u0434\u043e\u043c\u0443, \u043d\u0435 \u0441\u0442\u043e\u044f\u0447\u0438 \u0432 \u0447\u0435\u0440\u0437\u0456 \u0434\u043e \u043a\u0430\u0431\u0456\u043d\u0435\u0442\u0443! \u0412\u0441\u0435 \u0446\u0435 \u0431\u0435\u0437\u043a\u043e\u0448\u0442\u043e\u0432\u043d\u043e! \u041f\u0456\u0434... View Article\" \/>\n<meta property=\"og:url\" content=\"https:\/\/teledoctor.pl\/uk\/%d0%b7%d0%b0%d0%bc%d0%be%d0%b2-%d1%82%d0%b5%d0%bb%d0%b5%d0%ba%d0%be%d0%bd%d1%81%d1%83%d0%bb%d1%8c%d1%82%d0%b0%d1%86%d1%96%d1%8e\/\" \/>\n<meta property=\"og:site_name\" content=\"Teledoctor \u2013 sie\u0107 bezp\u0142atnych przychodni w \u0141odzi\" \/>\n<meta property=\"article:modified_time\" content=\"2023-07-26T08:01:41+00:00\" \/>\n<meta name=\"twitter:card\" content=\"summary_large_image\" \/>\n<!-- \/ Yoast SEO plugin. -->","yoast_head_json":{"title":"\u0417\u0430\u043c\u043e\u0432 \u0442\u0435\u043b\u0435\u043a\u043e\u043d\u0441\u0443\u043b\u044c\u0442\u0430\u0446\u0456\u044e - Teledoctor \u2013 sie\u0107 bezp\u0142atnych przychodni w \u0141odzi","robots":{"index":"noindex","follow":"follow"},"og_locale":"uk_UA","og_type":"article","og_title":"\u0417\u0430\u043c\u043e\u0432 \u0442\u0435\u043b\u0435\u043a\u043e\u043d\u0441\u0443\u043b\u044c\u0442\u0430\u0446\u0456\u044e - Teledoctor \u2013 sie\u0107 bezp\u0142atnych przychodni w \u0141odzi","og_description":"\u0428\u0432\u0438\u0434\u043a\u043e, \u0431\u0435\u0437\u043f\u0435\u0447\u043d\u043e, \u0431\u0435\u0437 \u0440\u0435\u0454\u0441\u0442\u0440\u0430\u0446\u0456\u0457 \u043e\u0431\u043b\u0456\u043a\u043e\u0432\u043e\u0433\u043e \u0437\u0430\u043f\u0438\u0441\u0443 \u043a\u043e\u0440\u0438\u0441\u0442\u0443\u0432\u0430\u0447\u0430 \u043d\u0430 \u0441\u0430\u0439\u0442\u0456 &#8211; \u0437\u0430 \u0434\u043e\u043f\u043e\u043c\u043e\u0433\u043e\u044e \u0443\u043b\u044e\u0431\u043b\u0435\u043d\u043e\u0433\u043e \u0434\u043e\u0434\u0430\u0442\u043a\u0443. \u041d\u0430\u043f\u0438\u0448\u0456\u0442\u044c \u0434\u043e \u043d\u0430\u0441 \u0447\u0435\u0440\u0435\u0437 \u0443\u043b\u044e\u0431\u043b\u0435\u043d\u0438\u0439 \u0434\u043e\u0434\u0430\u0442\u043e\u043a (Messenger, WhatsApp, Viber) \u0430\u0431\u043e \u0437\u0430\u043f\u043e\u0432\u043d\u0456\u0442\u044c \u043a\u043e\u043d\u0442\u0430\u043a\u0442\u043d\u0443 \u0444\u043e\u0440\u043c\u0443. \u041c\u0438 \u043e\u0440\u0433\u0430\u043d\u0456\u0437\u0443\u0454\u043c\u043e \u043c\u0435\u0434\u0438\u0447\u043d\u0443 \u043a\u043e\u043d\u0441\u0443\u043b\u044c\u0442\u0430\u0446\u0456\u044e, \u043f\u0456\u0434 \u0447\u0430\u0441 \u044f\u043a\u043e\u0457 \u0432\u0438 \u0437\u043c\u043e\u0436\u0435\u0442\u0435 \u043e\u0442\u0440\u0438\u043c\u0430\u0442\u0438 \u0435-\u0440\u0435\u0446\u0435\u043f\u0442, \u0435-\u043b\u0456\u043a\u0430\u0440\u043d\u044f\u043d\u0438\u0439 \u0447\u0438 \u0435-\u043d\u0430\u043f\u0440\u0430\u0432\u043b\u0435\u043d\u043d\u044f, \u043d\u0435 \u0432\u0438\u0445\u043e\u0434\u044f\u0447\u0438 \u0437 \u0434\u043e\u043c\u0443, \u043d\u0435 \u0441\u0442\u043e\u044f\u0447\u0438 \u0432 \u0447\u0435\u0440\u0437\u0456 \u0434\u043e \u043a\u0430\u0431\u0456\u043d\u0435\u0442\u0443! \u0412\u0441\u0435 \u0446\u0435 \u0431\u0435\u0437\u043a\u043e\u0448\u0442\u043e\u0432\u043d\u043e! \u041f\u0456\u0434... View Article","og_url":"https:\/\/teledoctor.pl\/uk\/%d0%b7%d0%b0%d0%bc%d0%be%d0%b2-%d1%82%d0%b5%d0%bb%d0%b5%d0%ba%d0%be%d0%bd%d1%81%d1%83%d0%bb%d1%8c%d1%82%d0%b0%d1%86%d1%96%d1%8e\/","og_site_name":"Teledoctor \u2013 sie\u0107 bezp\u0142atnych przychodni w \u0141odzi","article_modified_time":"2023-07-26T08:01:41+00:00","twitter_card":"summary_large_image","schema":{"@context":"https:\/\/schema.org","@graph":[{"@type":"WebPage","@id":"https:\/\/teledoctor.pl\/uk\/%d0%b7%d0%b0%d0%bc%d0%be%d0%b2-%d1%82%d0%b5%d0%bb%d0%b5%d0%ba%d0%be%d0%bd%d1%81%d1%83%d0%bb%d1%8c%d1%82%d0%b0%d1%86%d1%96%d1%8e\/","url":"https:\/\/teledoctor.pl\/uk\/%d0%b7%d0%b0%d0%bc%d0%be%d0%b2-%d1%82%d0%b5%d0%bb%d0%b5%d0%ba%d0%be%d0%bd%d1%81%d1%83%d0%bb%d1%8c%d1%82%d0%b0%d1%86%d1%96%d1%8e\/","name":"\u0417\u0430\u043c\u043e\u0432 \u0442\u0435\u043b\u0435\u043a\u043e\u043d\u0441\u0443\u043b\u044c\u0442\u0430\u0446\u0456\u044e - Teledoctor \u2013 sie\u0107 bezp\u0142atnych przychodni w \u0141odzi","isPartOf":{"@id":"https:\/\/teledoctor.pl\/uk\/#website"},"datePublished":"2023-06-12T07:24:55+00:00","dateModified":"2023-07-26T08:01:41+00:00","breadcrumb":{"@id":"https:\/\/teledoctor.pl\/uk\/%d0%b7%d0%b0%d0%bc%d0%be%d0%b2-%d1%82%d0%b5%d0%bb%d0%b5%d0%ba%d0%be%d0%bd%d1%81%d1%83%d0%bb%d1%8c%d1%82%d0%b0%d1%86%d1%96%d1%8e\/#breadcrumb"},"inLanguage":"uk","potentialAction":[{"@type":"ReadAction","target":["https:\/\/teledoctor.pl\/uk\/%d0%b7%d0%b0%d0%bc%d0%be%d0%b2-%d1%82%d0%b5%d0%bb%d0%b5%d0%ba%d0%be%d0%bd%d1%81%d1%83%d0%bb%d1%8c%d1%82%d0%b0%d1%86%d1%96%d1%8e\/"]}]},{"@type":"BreadcrumbList","@id":"https:\/\/teledoctor.pl\/uk\/%d0%b7%d0%b0%d0%bc%d0%be%d0%b2-%d1%82%d0%b5%d0%bb%d0%b5%d0%ba%d0%be%d0%bd%d1%81%d1%83%d0%bb%d1%8c%d1%82%d0%b0%d1%86%d1%96%d1%8e\/#breadcrumb","itemListElement":[{"@type":"ListItem","position":1,"name":"Strona g\u0142\u00f3wna","item":"https:\/\/teledoctor.pl\/uk\/"},{"@type":"ListItem","position":2,"name":"\u0417\u0430\u043c\u043e\u0432 \u0442\u0435\u043b\u0435\u043a\u043e\u043d\u0441\u0443\u043b\u044c\u0442\u0430\u0446\u0456\u044e"}]},{"@type":"WebSite","@id":"https:\/\/teledoctor.pl\/uk\/#website","url":"https:\/\/teledoctor.pl\/uk\/","name":"Teledoctor \u2013 sie\u0107 bezp\u0142atnych przychodni w \u0141odzi","description":"Bezp\u0142atne przychodnie lekarskie w \u0141odzi, Lekarz rodzinny","publisher":{"@id":"https:\/\/teledoctor.pl\/uk\/#organization"},"potentialAction":[{"@type":"SearchAction","target":{"@type":"EntryPoint","urlTemplate":"https:\/\/teledoctor.pl\/uk\/?s={search_term_string}"},"query-input":{"@type":"PropertyValueSpecification","valueRequired":true,"valueName":"search_term_string"}}],"inLanguage":"uk"},{"@type":"Organization","@id":"https:\/\/teledoctor.pl\/uk\/#organization","name":"Teledoctor \u2013 sie\u0107 bezp\u0142atnych przychodni w \u0141odzi","url":"https:\/\/teledoctor.pl\/uk\/","logo":{"@type":"ImageObject","inLanguage":"uk","@id":"https:\/\/teledoctor.pl\/uk\/#\/schema\/logo\/image\/","url":"https:\/\/teledoctor.pl\/wp-content\/uploads\/2022\/09\/logoNowe.png","contentUrl":"https:\/\/teledoctor.pl\/wp-content\/uploads\/2022\/09\/logoNowe.png","width":11381,"height":2577,"caption":"Teledoctor \u2013 sie\u0107 bezp\u0142atnych przychodni w \u0141odzi"},"image":{"@id":"https:\/\/teledoctor.pl\/uk\/#\/schema\/logo\/image\/"}}]}},"_links":{"self":[{"href":"https:\/\/teledoctor.pl\/uk\/wp-json\/wp\/v2\/pages\/165","targetHints":{"allow":["GET"]}}],"collection":[{"href":"https:\/\/teledoctor.pl\/uk\/wp-json\/wp\/v2\/pages"}],"about":[{"href":"https:\/\/teledoctor.pl\/uk\/wp-json\/wp\/v2\/types\/page"}],"author":[{"embeddable":true,"href":"https:\/\/teledoctor.pl\/uk\/wp-json\/wp\/v2\/users\/1"}],"replies":[{"embeddable":true,"href":"https:\/\/teledoctor.pl\/uk\/wp-json\/wp\/v2\/comments?post=165"}],"version-history":[{"count":3,"href":"https:\/\/teledoctor.pl\/uk\/wp-json\/wp\/v2\/pages\/165\/revisions"}],"predecessor-version":[{"id":168,"href":"https:\/\/teledoctor.pl\/uk\/wp-json\/wp\/v2\/pages\/165\/revisions\/168"}],"wp:attachment":[{"href":"https:\/\/teledoctor.pl\/uk\/wp-json\/wp\/v2\/media?parent=165"}],"curies":[{"name":"wp","href":"https:\/\/api.w.org\/{rel}","templated":true}]}}