{"id":175,"date":"2022-08-24T20:36:11","date_gmt":"2022-08-24T18:36:11","guid":{"rendered":"https:\/\/teledoctor.pl\/%d0%ba%d0%be%d0%bd%d1%82%d0%b0%d0%ba%d1%82\/"},"modified":"2023-07-27T14:32:51","modified_gmt":"2023-07-27T12:32:51","slug":"%d0%ba%d0%be%d0%bd%d1%82%d0%b0%d0%ba%d1%82","status":"publish","type":"page","link":"https:\/\/teledoctor.pl\/uk\/%d0%ba%d0%be%d0%bd%d1%82%d0%b0%d0%ba%d1%82\/","title":{"rendered":"\u043a\u043e\u043d\u0442\u0430\u043a\u0442"},"content":{"rendered":"","protected":false},"excerpt":{"rendered":"","protected":false},"author":1,"featured_media":0,"parent":0,"menu_order":0,"comment_status":"closed","ping_status":"closed","template":"","meta":{"_acf_changed":false,"footnotes":""},"class_list":["post-175","page","type-page","status-publish","hentry"],"acf":[],"yoast_head":"<!-- This site is optimized with the Yoast SEO plugin v23.4 - https:\/\/yoast.com\/wordpress\/plugins\/seo\/ -->\n<title>Teledoctor - \u0417\u0432&#039;\u044f\u0436\u0456\u0442\u044c\u0441\u044f \u043e\u043d\u043b\u0430\u0439\u043d \u0437 \u043f\u043e\u043b\u0456\u043a\u043b\u0456\u043d\u0456\u043a\u043e\u044e \u0422\u0435\u043b\u0435\u0434\u043e\u043a\u0442\u043e\u0440<\/title>\n<meta name=\"description\" content=\"&quot;\u0417\u0430\u043f\u0438\u0448\u0456\u0442\u044c\u0441\u044f \u043d\u0430 \u0431\u0435\u0437\u043a\u043e\u0448\u0442\u043e\u0432\u043d\u0443 \u0442\u0435\u043b\u0435\u043a\u043e\u043d\u0441\u0443\u043b\u044c\u0442\u0430\u0446\u0456\u044e, \u0437\u0430\u043c\u043e\u0432\u0442\u0435 \u0440\u0435\u0446\u0435\u043f\u0442, \u043d\u0430\u043f\u0440\u0430\u0432\u043b\u0435\u043d\u043d\u044f \u0442\u0430 \u043b\u0456\u043a\u0430\u0440\u043d\u044f\u043d\u0438\u0439 \u043e\u043d\u043b\u0430\u0439\u043d. \u0412\u0456\u0434\u0432\u0456\u0434\u0430\u0439\u0442\u0435 \u043d\u0430\u0448\u0443 \u043f\u043e\u043b\u0456\u043a\u043b\u0456\u043d\u0456\u043a\u0443 \u0443 \u041b\u043e\u0434\u0437\u0456\" \/>\n<meta name=\"robots\" content=\"index, follow, max-snippet:-1, max-image-preview:large, max-video-preview:-1\" \/>\n<link rel=\"canonical\" href=\"https:\/\/teledoctor.pl\/uk\/%d0%ba%d0%be%d0%bd%d1%82%d0%b0%d0%ba%d1%82\/\" \/>\n<meta property=\"og:locale\" content=\"uk_UA\" \/>\n<meta property=\"og:type\" content=\"article\" \/>\n<meta property=\"og:title\" content=\"Teledoctor - \u0417\u0432&#039;\u044f\u0436\u0456\u0442\u044c\u0441\u044f \u043e\u043d\u043b\u0430\u0439\u043d \u0437 \u043f\u043e\u043b\u0456\u043a\u043b\u0456\u043d\u0456\u043a\u043e\u044e \u0422\u0435\u043b\u0435\u0434\u043e\u043a\u0442\u043e\u0440\" \/>\n<meta property=\"og:description\" content=\"&quot;\u0417\u0430\u043f\u0438\u0448\u0456\u0442\u044c\u0441\u044f \u043d\u0430 \u0431\u0435\u0437\u043a\u043e\u0448\u0442\u043e\u0432\u043d\u0443 \u0442\u0435\u043b\u0435\u043a\u043e\u043d\u0441\u0443\u043b\u044c\u0442\u0430\u0446\u0456\u044e, \u0437\u0430\u043c\u043e\u0432\u0442\u0435 \u0440\u0435\u0446\u0435\u043f\u0442, \u043d\u0430\u043f\u0440\u0430\u0432\u043b\u0435\u043d\u043d\u044f \u0442\u0430 \u043b\u0456\u043a\u0430\u0440\u043d\u044f\u043d\u0438\u0439 \u043e\u043d\u043b\u0430\u0439\u043d. \u0412\u0456\u0434\u0432\u0456\u0434\u0430\u0439\u0442\u0435 \u043d\u0430\u0448\u0443 \u043f\u043e\u043b\u0456\u043a\u043b\u0456\u043d\u0456\u043a\u0443 \u0443 \u041b\u043e\u0434\u0437\u0456\" \/>\n<meta property=\"og:url\" content=\"https:\/\/teledoctor.pl\/uk\/%d0%ba%d0%be%d0%bd%d1%82%d0%b0%d0%ba%d1%82\/\" \/>\n<meta property=\"og:site_name\" content=\"Teledoctor \u2013 sie\u0107 bezp\u0142atnych przychodni w \u0141odzi\" \/>\n<meta property=\"article:modified_time\" content=\"2023-07-27T12:32:51+00:00\" \/>\n<meta name=\"twitter:card\" content=\"summary_large_image\" \/>\n<!-- \/ Yoast SEO plugin. -->","yoast_head_json":{"title":"Teledoctor - \u0417\u0432'\u044f\u0436\u0456\u0442\u044c\u0441\u044f \u043e\u043d\u043b\u0430\u0439\u043d \u0437 \u043f\u043e\u043b\u0456\u043a\u043b\u0456\u043d\u0456\u043a\u043e\u044e \u0422\u0435\u043b\u0435\u0434\u043e\u043a\u0442\u043e\u0440","description":"\"\u0417\u0430\u043f\u0438\u0448\u0456\u0442\u044c\u0441\u044f \u043d\u0430 \u0431\u0435\u0437\u043a\u043e\u0448\u0442\u043e\u0432\u043d\u0443 \u0442\u0435\u043b\u0435\u043a\u043e\u043d\u0441\u0443\u043b\u044c\u0442\u0430\u0446\u0456\u044e, \u0437\u0430\u043c\u043e\u0432\u0442\u0435 \u0440\u0435\u0446\u0435\u043f\u0442, \u043d\u0430\u043f\u0440\u0430\u0432\u043b\u0435\u043d\u043d\u044f \u0442\u0430 \u043b\u0456\u043a\u0430\u0440\u043d\u044f\u043d\u0438\u0439 \u043e\u043d\u043b\u0430\u0439\u043d. \u0412\u0456\u0434\u0432\u0456\u0434\u0430\u0439\u0442\u0435 \u043d\u0430\u0448\u0443 \u043f\u043e\u043b\u0456\u043a\u043b\u0456\u043d\u0456\u043a\u0443 \u0443 \u041b\u043e\u0434\u0437\u0456","robots":{"index":"index","follow":"follow","max-snippet":"max-snippet:-1","max-image-preview":"max-image-preview:large","max-video-preview":"max-video-preview:-1"},"canonical":"https:\/\/teledoctor.pl\/uk\/%d0%ba%d0%be%d0%bd%d1%82%d0%b0%d0%ba%d1%82\/","og_locale":"uk_UA","og_type":"article","og_title":"Teledoctor - \u0417\u0432'\u044f\u0436\u0456\u0442\u044c\u0441\u044f \u043e\u043d\u043b\u0430\u0439\u043d \u0437 \u043f\u043e\u043b\u0456\u043a\u043b\u0456\u043d\u0456\u043a\u043e\u044e \u0422\u0435\u043b\u0435\u0434\u043e\u043a\u0442\u043e\u0440","og_description":"\"\u0417\u0430\u043f\u0438\u0448\u0456\u0442\u044c\u0441\u044f \u043d\u0430 \u0431\u0435\u0437\u043a\u043e\u0448\u0442\u043e\u0432\u043d\u0443 \u0442\u0435\u043b\u0435\u043a\u043e\u043d\u0441\u0443\u043b\u044c\u0442\u0430\u0446\u0456\u044e, \u0437\u0430\u043c\u043e\u0432\u0442\u0435 \u0440\u0435\u0446\u0435\u043f\u0442, \u043d\u0430\u043f\u0440\u0430\u0432\u043b\u0435\u043d\u043d\u044f \u0442\u0430 \u043b\u0456\u043a\u0430\u0440\u043d\u044f\u043d\u0438\u0439 \u043e\u043d\u043b\u0430\u0439\u043d. \u0412\u0456\u0434\u0432\u0456\u0434\u0430\u0439\u0442\u0435 \u043d\u0430\u0448\u0443 \u043f\u043e\u043b\u0456\u043a\u043b\u0456\u043d\u0456\u043a\u0443 \u0443 \u041b\u043e\u0434\u0437\u0456","og_url":"https:\/\/teledoctor.pl\/uk\/%d0%ba%d0%be%d0%bd%d1%82%d0%b0%d0%ba%d1%82\/","og_site_name":"Teledoctor \u2013 sie\u0107 bezp\u0142atnych przychodni w \u0141odzi","article_modified_time":"2023-07-27T12:32:51+00:00","twitter_card":"summary_large_image","schema":{"@context":"https:\/\/schema.org","@graph":[{"@type":"WebPage","@id":"https:\/\/teledoctor.pl\/uk\/%d0%ba%d0%be%d0%bd%d1%82%d0%b0%d0%ba%d1%82\/","url":"https:\/\/teledoctor.pl\/uk\/%d0%ba%d0%be%d0%bd%d1%82%d0%b0%d0%ba%d1%82\/","name":"Teledoctor - \u0417\u0432'\u044f\u0436\u0456\u0442\u044c\u0441\u044f \u043e\u043d\u043b\u0430\u0439\u043d \u0437 \u043f\u043e\u043b\u0456\u043a\u043b\u0456\u043d\u0456\u043a\u043e\u044e \u0422\u0435\u043b\u0435\u0434\u043e\u043a\u0442\u043e\u0440","isPartOf":{"@id":"https:\/\/teledoctor.pl\/uk\/#website"},"datePublished":"2022-08-24T18:36:11+00:00","dateModified":"2023-07-27T12:32:51+00:00","description":"\"\u0417\u0430\u043f\u0438\u0448\u0456\u0442\u044c\u0441\u044f \u043d\u0430 \u0431\u0435\u0437\u043a\u043e\u0448\u0442\u043e\u0432\u043d\u0443 \u0442\u0435\u043b\u0435\u043a\u043e\u043d\u0441\u0443\u043b\u044c\u0442\u0430\u0446\u0456\u044e, \u0437\u0430\u043c\u043e\u0432\u0442\u0435 \u0440\u0435\u0446\u0435\u043f\u0442, \u043d\u0430\u043f\u0440\u0430\u0432\u043b\u0435\u043d\u043d\u044f \u0442\u0430 \u043b\u0456\u043a\u0430\u0440\u043d\u044f\u043d\u0438\u0439 \u043e\u043d\u043b\u0430\u0439\u043d. \u0412\u0456\u0434\u0432\u0456\u0434\u0430\u0439\u0442\u0435 \u043d\u0430\u0448\u0443 \u043f\u043e\u043b\u0456\u043a\u043b\u0456\u043d\u0456\u043a\u0443 \u0443 \u041b\u043e\u0434\u0437\u0456","breadcrumb":{"@id":"https:\/\/teledoctor.pl\/uk\/%d0%ba%d0%be%d0%bd%d1%82%d0%b0%d0%ba%d1%82\/#breadcrumb"},"inLanguage":"uk","potentialAction":[{"@type":"ReadAction","target":["https:\/\/teledoctor.pl\/uk\/%d0%ba%d0%be%d0%bd%d1%82%d0%b0%d0%ba%d1%82\/"]}]},{"@type":"BreadcrumbList","@id":"https:\/\/teledoctor.pl\/uk\/%d0%ba%d0%be%d0%bd%d1%82%d0%b0%d0%ba%d1%82\/#breadcrumb","itemListElement":[{"@type":"ListItem","position":1,"name":"Strona g\u0142\u00f3wna","item":"https:\/\/teledoctor.pl\/uk\/"},{"@type":"ListItem","position":2,"name":"\u043a\u043e\u043d\u0442\u0430\u043a\u0442"}]},{"@type":"WebSite","@id":"https:\/\/teledoctor.pl\/uk\/#website","url":"https:\/\/teledoctor.pl\/uk\/","name":"Teledoctor \u2013 sie\u0107 bezp\u0142atnych przychodni w \u0141odzi","description":"Bezp\u0142atne przychodnie lekarskie w \u0141odzi, Lekarz rodzinny","publisher":{"@id":"https:\/\/teledoctor.pl\/uk\/#organization"},"potentialAction":[{"@type":"SearchAction","target":{"@type":"EntryPoint","urlTemplate":"https:\/\/teledoctor.pl\/uk\/?s={search_term_string}"},"query-input":{"@type":"PropertyValueSpecification","valueRequired":true,"valueName":"search_term_string"}}],"inLanguage":"uk"},{"@type":"Organization","@id":"https:\/\/teledoctor.pl\/uk\/#organization","name":"Teledoctor \u2013 sie\u0107 bezp\u0142atnych przychodni w \u0141odzi","url":"https:\/\/teledoctor.pl\/uk\/","logo":{"@type":"ImageObject","inLanguage":"uk","@id":"https:\/\/teledoctor.pl\/uk\/#\/schema\/logo\/image\/","url":"https:\/\/teledoctor.pl\/wp-content\/uploads\/2022\/09\/logoNowe.png","contentUrl":"https:\/\/teledoctor.pl\/wp-content\/uploads\/2022\/09\/logoNowe.png","width":11381,"height":2577,"caption":"Teledoctor \u2013 sie\u0107 bezp\u0142atnych przychodni w \u0141odzi"},"image":{"@id":"https:\/\/teledoctor.pl\/uk\/#\/schema\/logo\/image\/"}}]}},"_links":{"self":[{"href":"https:\/\/teledoctor.pl\/uk\/wp-json\/wp\/v2\/pages\/175","targetHints":{"allow":["GET"]}}],"collection":[{"href":"https:\/\/teledoctor.pl\/uk\/wp-json\/wp\/v2\/pages"}],"about":[{"href":"https:\/\/teledoctor.pl\/uk\/wp-json\/wp\/v2\/types\/page"}],"author":[{"embeddable":true,"href":"https:\/\/teledoctor.pl\/uk\/wp-json\/wp\/v2\/users\/1"}],"replies":[{"embeddable":true,"href":"https:\/\/teledoctor.pl\/uk\/wp-json\/wp\/v2\/comments?post=175"}],"version-history":[{"count":1,"href":"https:\/\/teledoctor.pl\/uk\/wp-json\/wp\/v2\/pages\/175\/revisions"}],"predecessor-version":[{"id":210,"href":"https:\/\/teledoctor.pl\/uk\/wp-json\/wp\/v2\/pages\/175\/revisions\/210"}],"wp:attachment":[{"href":"https:\/\/teledoctor.pl\/uk\/wp-json\/wp\/v2\/media?parent=175"}],"curies":[{"name":"wp","href":"https:\/\/api.w.org\/{rel}","templated":true}]}}